{"id":24,"date":"2016-03-01T18:15:58","date_gmt":"2016-03-01T18:15:58","guid":{"rendered":"http:\/\/www.mihaelgiba.com\/zlatkok\/?page_id=24"},"modified":"2022-05-29T11:56:01","modified_gmt":"2022-05-29T11:56:01","slug":"stranica","status":"publish","type":"page","link":"http:\/\/www.hdbrp.hr\/?page_id=24","title":{"rendered":"O nama"},"content":{"rendered":"<p style=\"text-align: justify;\">Osniva\u010dka skup\u0161tina udruge Hrvatsko dru\u0161tvo bolesnika s rakom prostate odr\u017eana je 16.12.2015. godine.\u00a0Onkolozi KBC Zagreb, dr. Marija Gamulin i dr. Mislav Grgi\u0107, potaknuti problemima iz svakodnevne prakse inicirali su osnivanju udruge s ciljem unapre\u0111enja \u017eivota i pobolj\u0161anja kvalitete \u017eivota i na\u010dina lije\u010denja bolesnika s rakom prostate.<\/p>\n<p style=\"text-align: justify;\">Cilj bi se ostvarivao kroz:<\/p>\n<ul style=\"text-align: justify;\">\n<li>okupljanje bolesnika lije\u010denih zbog raka prostate kao i lije\u010dnika i drugog medicinskog osoblja koje se bavi rakom prostate,<\/li>\n<li>izmjenjivanje iskustava me\u0111u bolesnicima te informiranje o na\u010dinima lije\u010denja, novim lijekovima koji se pojavljuju na tr\u017ei\u0161tu<\/li>\n<li>izmjenjivanje informacija o mogu\u0107im nuspojavama lije\u010denja i mogu\u0107nostima prevencije istih<\/li>\n<\/ul>\n<p style=\"text-align: justify;\">Cilj Udruge tako\u0111er je i raspravljanje o mogu\u0107nostima lije\u010denja te davanje primjedbi i prijedloga Hrvatskom Zavodu za zdravstveno osiguranje za \u0161to kvalitetnije lije\u010denje bolesnika s rakom prostate. Kroz okupljanje u udrugu i suradnju s drugim udrugama sli\u010dnih ciljeva, primjedbe i prijedlozi bi dobili na te\u017eini.<\/p>\n<p style=\"text-align: justify;\">Djelatnost udruge usmjerena je i na Ministarstvo zdravlja RH gdje se o\u010dekuje aktivno sudjelovanje u raspravama u okviru odgovaraju\u0107ih tijela Ministarstva kako bi se aktivno uklju\u010dili u aktivnosti vezane za onkolo\u0161ke probleme.<\/p>\n<p><em>Udrugu zastupaju:<\/em><\/p>\n<p style=\"text-align: left;\"><strong>PREDSJEDNIK UDRUGE<\/strong><\/p>\n<p style=\"text-align: left;\">Velimir Korak<\/p>\n<p style=\"text-align: left;\"><strong>DOPREDSJEDNIK UDRUGE<\/strong><\/p>\n<p style=\"text-align: left;\">Ida \u0106epuli\u0107 Maravi\u0107<\/p>\n<p style=\"text-align: left;\"><strong>TAJNIK UDRUGE<\/strong><\/p>\n<p>Zlatko Kopjar<\/p>\n<p><strong>Adresa<\/strong>: Ilica 65\/1, 10000 Zagreb<\/p>\n<p><strong>IBAN<\/strong>: HR85 2340 0091 1107 9109 5<\/p>\n<p><strong>E-mail<\/strong>: info@hdbrp.hr<\/p>\n","protected":false},"excerpt":{"rendered":"<p>Osniva\u010dka skup\u0161tina udruge Hrvatsko dru\u0161tvo bolesnika s rakom prostate odr\u017eana je 16.12.2015. godine.\u00a0Onkolozi KBC Zagreb, dr. Marija Gamulin i dr. Mislav Grgi\u0107, potaknuti problemima iz svakodnevne prakse inicirali su osnivanju udruge s ciljem unapre\u0111enja \u017eivota i pobolj\u0161anja kvalitete \u017eivota i &hellip; <a href=\"http:\/\/www.hdbrp.hr\/?page_id=24\">Nastavi \u010ditati <span class=\"meta-nav\">&rarr;<\/span><\/a><\/p>\n","protected":false},"author":1,"featured_media":0,"parent":0,"menu_order":0,"comment_status":"closed","ping_status":"closed","template":"","meta":{"footnotes":""},"class_list":["post-24","page","type-page","status-publish","hentry"],"_links":{"self":[{"href":"http:\/\/www.hdbrp.hr\/index.php?rest_route=\/wp\/v2\/pages\/24","targetHints":{"allow":["GET"]}}],"collection":[{"href":"http:\/\/www.hdbrp.hr\/index.php?rest_route=\/wp\/v2\/pages"}],"about":[{"href":"http:\/\/www.hdbrp.hr\/index.php?rest_route=\/wp\/v2\/types\/page"}],"author":[{"embeddable":true,"href":"http:\/\/www.hdbrp.hr\/index.php?rest_route=\/wp\/v2\/users\/1"}],"replies":[{"embeddable":true,"href":"http:\/\/www.hdbrp.hr\/index.php?rest_route=%2Fwp%2Fv2%2Fcomments&post=24"}],"version-history":[{"count":21,"href":"http:\/\/www.hdbrp.hr\/index.php?rest_route=\/wp\/v2\/pages\/24\/revisions"}],"predecessor-version":[{"id":1661,"href":"http:\/\/www.hdbrp.hr\/index.php?rest_route=\/wp\/v2\/pages\/24\/revisions\/1661"}],"wp:attachment":[{"href":"http:\/\/www.hdbrp.hr\/index.php?rest_route=%2Fwp%2Fv2%2Fmedia&parent=24"}],"curies":[{"name":"wp","href":"https:\/\/api.w.org\/{rel}","templated":true}]}}