{"id":45,"date":"2016-03-02T11:23:16","date_gmt":"2016-03-02T11:23:16","guid":{"rendered":"http:\/\/www.mihaelgiba.com\/zlatkok\/?page_id=45"},"modified":"2023-01-01T21:15:42","modified_gmt":"2023-01-01T21:15:42","slug":"clanstvo","status":"publish","type":"page","link":"http:\/\/www.hdbrp.hr\/?page_id=45","title":{"rendered":"\u010clanstvo"},"content":{"rendered":"<p style=\"text-align: left;\">\u010clanom udruge postaje se popunjavanjem pristupnice\u00a0i uplatom godi\u0161nje \u010dlanarine.<\/p>\n<p style=\"text-align: left;\">Pristupnicu mo\u017eete printati ovdje: <a href=\"http:\/\/www.hdbrp.hr\/?attachment_id=1619\">Pristupnica<\/a><\/p>\n<p style=\"text-align: left;\">Iznosi\u00a0godi\u0161njih \u010dlanarina HDBRP:<\/p>\n<ul>\n<li style=\"text-align: left;\">Zaposleni \u2013 14,00 \u20ac\/god<\/li>\n<li style=\"text-align: left;\">Umirovljenici i nezaposleni \u2013 7,00 \u20ac\/god<\/li>\n<li style=\"text-align: left;\">Socijalno ugro\u017eeni \u2013 0,00 \u20ac\/god<\/li>\n<\/ul>\n<p style=\"text-align: left;\">Uplatu izvr\u0161iti na:<br \/>\nIBAN: HR85 2340 0091 1107 9109 5<br \/>\n&#8211; model uplate 00<br \/>\n&#8211; poziva na broj &#8211; upisati OIB<br \/>\nSvrha uplate: \u010dlanarina<br \/>\nUplatitelj: ime, prezime i mjesto<br \/>\nKome se upla\u0107uje: Hrvatsko dru\u0161tvo bolesnika s rakom prostate, Zagreb<\/p>\n<p style=\"text-align: left;\">Popunjenu pristupnicu, uz dokaz o izvr\u0161enoj uplati, po\u0161aljite e-mailom na adresu info@hdbrp.hr<\/p>\n<p style=\"text-align: left;\">\n","protected":false},"excerpt":{"rendered":"<p>\u010clanom udruge postaje se popunjavanjem pristupnice\u00a0i uplatom godi\u0161nje \u010dlanarine. Pristupnicu mo\u017eete printati ovdje: Pristupnica Iznosi\u00a0godi\u0161njih \u010dlanarina HDBRP: Zaposleni \u2013 14,00 \u20ac\/god Umirovljenici i nezaposleni \u2013 7,00 \u20ac\/god Socijalno ugro\u017eeni \u2013 0,00 \u20ac\/god Uplatu izvr\u0161iti na: IBAN: HR85 2340 0091 1107 &hellip; <a href=\"http:\/\/www.hdbrp.hr\/?page_id=45\">Nastavi \u010ditati <span class=\"meta-nav\">&rarr;<\/span><\/a><\/p>\n","protected":false},"author":1,"featured_media":0,"parent":0,"menu_order":1,"comment_status":"closed","ping_status":"closed","template":"","meta":{"footnotes":""},"class_list":["post-45","page","type-page","status-publish","hentry"],"_links":{"self":[{"href":"http:\/\/www.hdbrp.hr\/index.php?rest_route=\/wp\/v2\/pages\/45","targetHints":{"allow":["GET"]}}],"collection":[{"href":"http:\/\/www.hdbrp.hr\/index.php?rest_route=\/wp\/v2\/pages"}],"about":[{"href":"http:\/\/www.hdbrp.hr\/index.php?rest_route=\/wp\/v2\/types\/page"}],"author":[{"embeddable":true,"href":"http:\/\/www.hdbrp.hr\/index.php?rest_route=\/wp\/v2\/users\/1"}],"replies":[{"embeddable":true,"href":"http:\/\/www.hdbrp.hr\/index.php?rest_route=%2Fwp%2Fv2%2Fcomments&post=45"}],"version-history":[{"count":32,"href":"http:\/\/www.hdbrp.hr\/index.php?rest_route=\/wp\/v2\/pages\/45\/revisions"}],"predecessor-version":[{"id":1715,"href":"http:\/\/www.hdbrp.hr\/index.php?rest_route=\/wp\/v2\/pages\/45\/revisions\/1715"}],"wp:attachment":[{"href":"http:\/\/www.hdbrp.hr\/index.php?rest_route=%2Fwp%2Fv2%2Fmedia&parent=45"}],"curies":[{"name":"wp","href":"https:\/\/api.w.org\/{rel}","templated":true}]}}