{"id":1840,"date":"2024-11-12T14:58:17","date_gmt":"2024-11-12T14:58:17","guid":{"rendered":"https:\/\/www.hdbrp.hr\/?page_id=1840"},"modified":"2024-11-12T14:58:17","modified_gmt":"2024-11-12T14:58:17","slug":"esmo-vodic-za-pacijente","status":"publish","type":"page","link":"https:\/\/www.hdbrp.hr\/?page_id=1840","title":{"rendered":"ESMO Vodi\u010d za pacijente"},"content":{"rendered":"\n<p>Preko ovog linka mo\u017eete pristupiti pdf verziji knji\u017eice Rak prostate &#8211; ESMO vodi\u010d za pacijente<\/p>\n\n\n\n<h2 class=\"wp-block-heading\"><\/h2>\n\n\n\n<p><\/p>\n\n\n\n<div data-wp-interactive=\"core\/file\" class=\"wp-block-file\"><object data-wp-bind--hidden=\"!state.hasPdfPreview\" hidden class=\"wp-block-file__embed\" data=\"https:\/\/www.hdbrp.hr\/wp-content\/uploads\/2024\/11\/ESMO_PROSTATA_HR_4-11-2024-1.pdf\" type=\"application\/pdf\" style=\"width:100%;height:600px\" aria-label=\"Ugra\u0111eno ESMO vodi\u010d za pacijente.\"><\/object><a id=\"wp-block-file--media-d22a5a07-16b4-4240-8333-92ad9eca4250\" href=\"https:\/\/www.hdbrp.hr\/wp-content\/uploads\/2024\/11\/ESMO_PROSTATA_HR_4-11-2024-1.pdf\">ESMO vodi\u010d za pacijente<\/a><a href=\"https:\/\/www.hdbrp.hr\/wp-content\/uploads\/2024\/11\/ESMO_PROSTATA_HR_4-11-2024-1.pdf\" class=\"wp-block-file__button wp-element-button\" download aria-describedby=\"wp-block-file--media-d22a5a07-16b4-4240-8333-92ad9eca4250\">Preuzmi<\/a><\/div>\n\n\n\n<p><\/p>\n","protected":false},"excerpt":{"rendered":"<p>Preko ovog linka mo\u017eete pristupiti pdf verziji knji\u017eice Rak prostate &#8211; ESMO vodi\u010d za pacijente<\/p>\n","protected":false},"author":1,"featured_media":0,"parent":0,"menu_order":0,"comment_status":"closed","ping_status":"closed","template":"","meta":{"footnotes":""},"class_list":["post-1840","page","type-page","status-publish","hentry"],"_links":{"self":[{"href":"https:\/\/www.hdbrp.hr\/index.php?rest_route=\/wp\/v2\/pages\/1840","targetHints":{"allow":["GET"]}}],"collection":[{"href":"https:\/\/www.hdbrp.hr\/index.php?rest_route=\/wp\/v2\/pages"}],"about":[{"href":"https:\/\/www.hdbrp.hr\/index.php?rest_route=\/wp\/v2\/types\/page"}],"author":[{"embeddable":true,"href":"https:\/\/www.hdbrp.hr\/index.php?rest_route=\/wp\/v2\/users\/1"}],"replies":[{"embeddable":true,"href":"https:\/\/www.hdbrp.hr\/index.php?rest_route=%2Fwp%2Fv2%2Fcomments&post=1840"}],"version-history":[{"count":2,"href":"https:\/\/www.hdbrp.hr\/index.php?rest_route=\/wp\/v2\/pages\/1840\/revisions"}],"predecessor-version":[{"id":1844,"href":"https:\/\/www.hdbrp.hr\/index.php?rest_route=\/wp\/v2\/pages\/1840\/revisions\/1844"}],"wp:attachment":[{"href":"https:\/\/www.hdbrp.hr\/index.php?rest_route=%2Fwp%2Fv2%2Fmedia&parent=1840"}],"curies":[{"name":"wp","href":"https:\/\/api.w.org\/{rel}","templated":true}]}}